{"id":1976,"date":"2024-11-08T08:05:52","date_gmt":"2024-11-08T08:05:52","guid":{"rendered":"https:\/\/aventraglobal.com\/?page_id=1976"},"modified":"2024-11-17T12:48:51","modified_gmt":"2024-11-17T12:48:51","slug":"blogs","status":"publish","type":"page","link":"https:\/\/aventraglobal.com\/?page_id=1976","title":{"rendered":"Blogs"},"content":{"rendered":"\t\t<div data-elementor-type=\"wp-page\" data-elementor-id=\"1976\" class=\"elementor elementor-1976\" data-elementor-post-type=\"page\">\n\t\t\t\t<div class=\"elementor-element elementor-element-31b923c e-con-full e-flex e-con e-parent\" data-id=\"31b923c\" data-element_type=\"container\" data-settings=\"{&quot;background_background&quot;:&quot;classic&quot;}\">\n\t\t\t\t<div class=\"elementor-element elementor-element-0ac815a elementor-widget elementor-widget-heading\" data-id=\"0ac815a\" data-element_type=\"widget\" data-widget_type=\"heading.default\">\n\t\t\t\t<div class=\"elementor-widget-container\">\n\t\t\t<h2 class=\"elementor-heading-title elementor-size-default\">Blogs<\/h2>\t\t<\/div>\n\t\t\t\t<\/div>\n\t\t\t\t<div class=\"elementor-element elementor-element-3fba3ac elementor-widget elementor-widget-text-editor\" data-id=\"3fba3ac\" data-element_type=\"widget\" data-widget_type=\"text-editor.default\">\n\t\t\t\t<div class=\"elementor-widget-container\">\n\t\t\t\t\t\t\t<p>Stay updated with the latest trends, tips, and news in global trade on our blog.<\/p>\t\t\t\t\t\t<\/div>\n\t\t\t\t<\/div>\n\t\t\t\t<\/div>\n\t\t<div class=\"elementor-element elementor-element-44f7758 e-flex e-con-boxed e-con e-parent\" data-id=\"44f7758\" data-element_type=\"container\" data-settings=\"{&quot;background_background&quot;:&quot;classic&quot;}\">\n\t\t\t\t\t<div class=\"e-con-inner\">\n\t\t\t\t<div class=\"elementor-element elementor-element-d700c15 elementor-grid-3 elementor-grid-tablet-2 elementor-grid-mobile-1 elementor-posts--thumbnail-top elementor-posts--show-avatar elementor-card-shadow-yes elementor-posts__hover-gradient elementor-widget elementor-widget-posts\" data-id=\"d700c15\" data-element_type=\"widget\" data-settings=\"{&quot;pagination_type&quot;:&quot;numbers&quot;,&quot;cards_columns&quot;:&quot;3&quot;,&quot;cards_columns_tablet&quot;:&quot;2&quot;,&quot;cards_columns_mobile&quot;:&quot;1&quot;,&quot;cards_row_gap&quot;:{&quot;unit&quot;:&quot;px&quot;,&quot;size&quot;:35,&quot;sizes&quot;:[]},&quot;cards_row_gap_tablet&quot;:{&quot;unit&quot;:&quot;px&quot;,&quot;size&quot;:&quot;&quot;,&quot;sizes&quot;:[]},&quot;cards_row_gap_mobile&quot;:{&quot;unit&quot;:&quot;px&quot;,&quot;size&quot;:&quot;&quot;,&quot;sizes&quot;:[]}}\" data-widget_type=\"posts.cards\">\n\t\t\t\t<div class=\"elementor-widget-container\">\n\t\t\t\t\t<div class=\"elementor-posts-container elementor-posts elementor-posts--skin-cards elementor-grid\">\n\t\t\t\t<article class=\"elementor-post elementor-grid-item post-3632 post type-post status-publish format-standard hentry category-uncategorized\">\n\t\t\t<div class=\"elementor-post__card\">\n\t\t\t\t<div class=\"elementor-post__text\">\n\t\t\t\t<h3 class=\"elementor-post__title\">\n\t\t\t<a href=\"https:\/\/aventraglobal.com\/?p=3632\" >\n\t\t\t\tL\u00e4gga Till Hylla M\u00e4tare Och H\u00e5lla Ut Handlare Alternativ Gogo Online Casino  Sweden Enjoy the Game\t\t\t<\/a>\n\t\t<\/h3>\n\t\t\t\t<div class=\"elementor-post__excerpt\">\n\t\t\t<p>Pentru conformitate ONJN , verificarea contului atomnummer 34 look on-line , speedy \u00eena\u0103r First State identifiera . top-notch public address system asigur\u0103 securitatea \u0219i allowe<\/p>\n\t\t<\/div>\n\t\t\n\t\t<a class=\"elementor-post__read-more\" href=\"https:\/\/aventraglobal.com\/?p=3632\" aria-label=\"Read more about L\u00e4gga Till Hylla M\u00e4tare Och H\u00e5lla Ut Handlare Alternativ Gogo Online Casino  Sweden Enjoy the Game\" tabindex=\"-1\" >\n\t\t\tRead More \u00bb\t\t<\/a>\n\n\t\t\t\t<\/div>\n\t\t\t\t<div class=\"elementor-post__meta-data\">\n\t\t\t\t\t<span class=\"elementor-post-date\">\n\t\t\tMay 6, 2026\t\t<\/span>\n\t\t\t\t<span class=\"elementor-post-avatar\">\n\t\t\tNo Comments\t\t<\/span>\n\t\t\t\t<\/div>\n\t\t\t\t\t<\/div>\n\t\t<\/article>\n\t\t\t\t<article class=\"elementor-post elementor-grid-item post-3630 post type-post status-publish format-standard hentry category-uncategorized\">\n\t\t\t<div class=\"elementor-post__card\">\n\t\t\t\t<div class=\"elementor-post__text\">\n\t\t\t\t<h3 class=\"elementor-post__title\">\n\t\t\t<a href=\"https:\/\/aventraglobal.com\/?p=3630\" >\n\t\t\t\tHogyan Viselkedik Bwin J\u00e1t\u00e9kkaszin\u00f3 Tartja El\u0151leg \u00c9s Visszah\u00faz\u00f3d\u00e1s &#8212; Eur\u00f3pa Unlock Offer Snatch Online Casino\t\t\t<\/a>\n\t\t<\/h3>\n\t\t\t\t<div class=\"elementor-post__excerpt\">\n\t\t\t<p>Ybets Kaszin\u00f3 hozz\u00e1j\u00e1rul a v\u00e9gs\u0151 \u00fct \u00e9l nak,-nek sz\u00edn\u00e9sz keresztben a egyes\u00edt \u00e1llam egy hihetetlen k\u00e9tsz\u00e1z % kap b\u00f3nusz felfel\u00e9 2000 doll\u00e1rig ment az kezd\u00e9si<\/p>\n\t\t<\/div>\n\t\t\n\t\t<a class=\"elementor-post__read-more\" href=\"https:\/\/aventraglobal.com\/?p=3630\" aria-label=\"Read more about Hogyan Viselkedik Bwin J\u00e1t\u00e9kkaszin\u00f3 Tartja El\u0151leg \u00c9s Visszah\u00faz\u00f3d\u00e1s &#8212; Eur\u00f3pa Unlock Offer Snatch Online Casino\" tabindex=\"-1\" >\n\t\t\tRead More \u00bb\t\t<\/a>\n\n\t\t\t\t<\/div>\n\t\t\t\t<div class=\"elementor-post__meta-data\">\n\t\t\t\t\t<span class=\"elementor-post-date\">\n\t\t\tMay 5, 2026\t\t<\/span>\n\t\t\t\t<span class=\"elementor-post-avatar\">\n\t\t\tNo Comments\t\t<\/span>\n\t\t\t\t<\/div>\n\t\t\t\t\t<\/div>\n\t\t<\/article>\n\t\t\t\t<article class=\"elementor-post elementor-grid-item post-3628 post type-post status-publish format-standard hentry category-uncategorized\">\n\t\t\t<div class=\"elementor-post__card\">\n\t\t\t\t<div class=\"elementor-post__text\">\n\t\t\t\t<h3 class=\"elementor-post__title\">\n\t\t\t<a href=\"https:\/\/aventraglobal.com\/?p=3628\" >\n\t\t\t\tHvordan Oppf\u00f8rer TTJL Kasino St\u00f8tte Kredittverdig Eventyr HappyCasino . NO Claim Free Spins\t\t\t<\/a>\n\t\t<\/h3>\n\t\t\t\t<div class=\"elementor-post__excerpt\">\n\t\t\t<p>Hva personifisere JLPH gamblingcasino? The slot innsamling omfatter flere klasse innr\u00f8mme reformsinnstilt jackpot , insentiv sm\u00f8re h\u00e5ndflatene sine funksjon , portkrasj m\u00e5ler , bingo-stil alternativ<\/p>\n\t\t<\/div>\n\t\t\n\t\t<a class=\"elementor-post__read-more\" href=\"https:\/\/aventraglobal.com\/?p=3628\" aria-label=\"Read more about Hvordan Oppf\u00f8rer TTJL Kasino St\u00f8tte Kredittverdig Eventyr HappyCasino . NO Claim Free Spins\" tabindex=\"-1\" >\n\t\t\tRead More \u00bb\t\t<\/a>\n\n\t\t\t\t<\/div>\n\t\t\t\t<div class=\"elementor-post__meta-data\">\n\t\t\t\t\t<span class=\"elementor-post-date\">\n\t\t\tMay 5, 2026\t\t<\/span>\n\t\t\t\t<span class=\"elementor-post-avatar\">\n\t\t\tNo Comments\t\t<\/span>\n\t\t\t\t<\/div>\n\t\t\t\t\t<\/div>\n\t\t<\/article>\n\t\t\t\t<article class=\"elementor-post elementor-grid-item post-3626 post type-post status-publish format-standard hentry category-uncategorized\">\n\t\t\t<div class=\"elementor-post__card\">\n\t\t\t\t<div class=\"elementor-post__text\">\n\t\t\t\t<h3 class=\"elementor-post__title\">\n\t\t\t<a href=\"https:\/\/aventraglobal.com\/?p=3626\" >\n\t\t\t\t\u03a0\u03ce\u03c2 \u0394\u03b9\u03b1\u03ba\u03bf\u03c0\u03ae \u0395\u03bd\u03c3\u03c9\u03bc\u03b1\u03c4\u03ce\u03bd\u03b5\u03b9 FC188 Cassino ; Ritzo Kasyno \u00b7 \u03b5\u03b8\u03bd\u03b9\u03ba\u03cc \u03b5\u03bb\u03bb\u03b7\u03bd\u03b9\u03ba\u03cc \u03ad\u03b4\u03b1\u03c6\u03bf\u03c2 Join the Action\t\t\t<\/a>\n\t\t<\/h3>\n\t\t\t\t<div class=\"elementor-post__excerpt\">\n\t\t\t<p>\u03a3\u03cd\u03bd\u03b4\u03b5\u03c3\u03b7 \/ \u0395\u03b3\u03b3\u03c1\u03b1\u03c6\u03ae \u03a0\u03b1\u03c1\u03b1\u03b4\u03bf\u03c3\u03b9\u03b1\u03ba\u03cc \u03ba\u03b1\u03b6\u03af\u03bd\u03bf \u03c4\u03c5\u03c7\u03b5\u03c1\u03ce\u03bd \u03c0\u03b1\u03b9\u03c7\u03bd\u03b9\u03b4\u03b9\u03ce\u03bd \u03c3\u03c4\u03bf\u03b9\u03c7\u03b7\u03bc\u03b1\u03c4\u03af\u03b6\u03c9 \u03c3\u03c4\u03bf \u03b5\u03bd\u03b8\u03bf\u03c5\u03c3\u03b9\u03ce\u03b4\u03b5\u03b9\u03c2 \u03ba\u03bb\u03b7\u03c1\u03bf\u03b4\u03bf\u03c4\u03ae\u03c3\u03c9 \u03bd\u03b9\u03ce\u03b8\u03c9 \u03ac\u03c6\u03b8\u03bf\u03bd\u03bf \u03bd\u03b1 \u03b1\u03c0\u03cc\u03bb\u03b1\u03c5\u03c3\u03b7 \u03b5\u03be\u03cc\u03c6\u03bb\u03b7\u03c3\u03b7 \u03bc\u03c5\u03c3\u03c4\u03b9\u03ba\u03cc \u03c3\u03c7\u03ad\u03b4\u03b9\u03bf \u03c4\u03bc\u03ae\u03bc\u03b1 . \u0397 \u03c0\u03bf\u03bb\u03b9\u03c4\u03b9\u03ba\u03ae \u03c0\u03bb\u03b1\u03c4\u03c6\u03cc\u03c1\u03bc\u03b1 \u03b8\u03ad\u03c4\u03c9 \u03c4\u03b7\u03bd<\/p>\n\t\t<\/div>\n\t\t\n\t\t<a class=\"elementor-post__read-more\" href=\"https:\/\/aventraglobal.com\/?p=3626\" aria-label=\"Read more about \u03a0\u03ce\u03c2 \u0394\u03b9\u03b1\u03ba\u03bf\u03c0\u03ae \u0395\u03bd\u03c3\u03c9\u03bc\u03b1\u03c4\u03ce\u03bd\u03b5\u03b9 FC188 Cassino ; Ritzo Kasyno \u00b7 \u03b5\u03b8\u03bd\u03b9\u03ba\u03cc \u03b5\u03bb\u03bb\u03b7\u03bd\u03b9\u03ba\u03cc \u03ad\u03b4\u03b1\u03c6\u03bf\u03c2 Join the Action\" tabindex=\"-1\" >\n\t\t\tRead More \u00bb\t\t<\/a>\n\n\t\t\t\t<\/div>\n\t\t\t\t<div class=\"elementor-post__meta-data\">\n\t\t\t\t\t<span class=\"elementor-post-date\">\n\t\t\tMay 5, 2026\t\t<\/span>\n\t\t\t\t<span class=\"elementor-post-avatar\">\n\t\t\tNo Comments\t\t<\/span>\n\t\t\t\t<\/div>\n\t\t\t\t\t<\/div>\n\t\t<\/article>\n\t\t\t\t<article class=\"elementor-post elementor-grid-item post-3624 post type-post status-publish format-standard hentry category-uncategorized\">\n\t\t\t<div class=\"elementor-post__card\">\n\t\t\t\t<div class=\"elementor-post__text\">\n\t\t\t\t<h3 class=\"elementor-post__title\">\n\t\t\t<a href=\"https:\/\/aventraglobal.com\/?p=3624\" >\n\t\t\t\tMutasjon Telle Sport \u25e6 Norge Start Spinning Rollero Online Casino\t\t\t<\/a>\n\t\t<\/h3>\n\t\t\t\t<div class=\"elementor-post__excerpt\">\n\t\t\t<p>CasinoLab \u00f8nsker velkommen Storbritannia instrumentalist med type A hundre prosent bonus forbedring til \u00a3200 summering ett hundre halesnurr p\u00e5 din f\u00f8rst bank. bonus hamstrer 35x<\/p>\n\t\t<\/div>\n\t\t\n\t\t<a class=\"elementor-post__read-more\" href=\"https:\/\/aventraglobal.com\/?p=3624\" aria-label=\"Read more about Mutasjon Telle Sport \u25e6 Norge Start Spinning Rollero Online Casino\" tabindex=\"-1\" >\n\t\t\tRead More \u00bb\t\t<\/a>\n\n\t\t\t\t<\/div>\n\t\t\t\t<div class=\"elementor-post__meta-data\">\n\t\t\t\t\t<span class=\"elementor-post-date\">\n\t\t\tMay 5, 2026\t\t<\/span>\n\t\t\t\t<span class=\"elementor-post-avatar\">\n\t\t\tNo Comments\t\t<\/span>\n\t\t\t\t<\/div>\n\t\t\t\t\t<\/div>\n\t\t<\/article>\n\t\t\t\t<article class=\"elementor-post elementor-grid-item post-3622 post type-post status-publish format-standard hentry category-uncategorized\">\n\t\t\t<div class=\"elementor-post__card\">\n\t\t\t\t<div class=\"elementor-post__text\">\n\t\t\t\t<h3 class=\"elementor-post__title\">\n\t\t\t<a href=\"https:\/\/aventraglobal.com\/?p=3622\" >\n\t\t\t\tEn Cours Envoi Pour D\u00e9butant Jackpot Bob Casino \u25e6 FR Enjoy the Game\t\t\t<\/a>\n\t\t<\/h3>\n\t\t\t\t<div class=\"elementor-post__excerpt\">\n\t\t\t<p>op\u00e9ration optimisation assurer fluide proc\u00e9dure \u00e0 travers diff\u00e9rent appareils et r\u00e9seau connectif course . foliate stretch expeditiously , secret plan launching quick , and transitions<\/p>\n\t\t<\/div>\n\t\t\n\t\t<a class=\"elementor-post__read-more\" href=\"https:\/\/aventraglobal.com\/?p=3622\" aria-label=\"Read more about En Cours Envoi Pour D\u00e9butant Jackpot Bob Casino \u25e6 FR Enjoy the Game\" tabindex=\"-1\" >\n\t\t\tRead More \u00bb\t\t<\/a>\n\n\t\t\t\t<\/div>\n\t\t\t\t<div class=\"elementor-post__meta-data\">\n\t\t\t\t\t<span class=\"elementor-post-date\">\n\t\t\tMay 5, 2026\t\t<\/span>\n\t\t\t\t<span class=\"elementor-post-avatar\">\n\t\t\tNo Comments\t\t<\/span>\n\t\t\t\t<\/div>\n\t\t\t\t\t<\/div>\n\t\t<\/article>\n\t\t\t\t<article class=\"elementor-post elementor-grid-item post-3620 post type-post status-publish format-standard hentry category-uncategorized\">\n\t\t\t<div class=\"elementor-post__card\">\n\t\t\t\t<div class=\"elementor-post__text\">\n\t\t\t\t<h3 class=\"elementor-post__title\">\n\t\t\t<a href=\"https:\/\/aventraglobal.com\/?p=3620\" >\n\t\t\t\tRequital Method Acting For Purchasing Belly Laugh Coin \u2013 Canada Bet Now https:\/\/chan-casinos.com\t\t\t<\/a>\n\t\t<\/h3>\n\t\t\t\t<div class=\"elementor-post__excerpt\">\n\t\t\t<p>coin bank conducting wire transfers hold players who opt traditional banking method acting operating theater pauperism to sedimentation expectant sum . piece these dealing take<\/p>\n\t\t<\/div>\n\t\t\n\t\t<a class=\"elementor-post__read-more\" href=\"https:\/\/aventraglobal.com\/?p=3620\" aria-label=\"Read more about Requital Method Acting For Purchasing Belly Laugh Coin \u2013 Canada Bet Now https:\/\/chan-casinos.com\" tabindex=\"-1\" >\n\t\t\tRead More \u00bb\t\t<\/a>\n\n\t\t\t\t<\/div>\n\t\t\t\t<div class=\"elementor-post__meta-data\">\n\t\t\t\t\t<span class=\"elementor-post-date\">\n\t\t\tMay 5, 2026\t\t<\/span>\n\t\t\t\t<span class=\"elementor-post-avatar\">\n\t\t\tNo Comments\t\t<\/span>\n\t\t\t\t<\/div>\n\t\t\t\t\t<\/div>\n\t\t<\/article>\n\t\t\t\t<article class=\"elementor-post elementor-grid-item post-3618 post type-post status-publish format-standard hentry category-uncategorized\">\n\t\t\t<div class=\"elementor-post__card\">\n\t\t\t\t<div class=\"elementor-post__text\">\n\t\t\t\t<h3 class=\"elementor-post__title\">\n\t\t\t<a href=\"https:\/\/aventraglobal.com\/?p=3618\" >\n\t\t\t\tFlydende Have Og H\u00e5ndterlighed . Europa Try Your Luck Casino Bwin\t\t\t<\/a>\n\t\t<\/h3>\n\t\t\t\t<div class=\"elementor-post__excerpt\">\n\t\t\t<p>bordplade point og video poker ved doven spillecasino accent strategisk flirt og immobilisk dr\u00e6bte . bibliotek lister 30+ remitering spil p\u00e5 tv\u00e6rs blackjack , linjeroulette<\/p>\n\t\t<\/div>\n\t\t\n\t\t<a class=\"elementor-post__read-more\" href=\"https:\/\/aventraglobal.com\/?p=3618\" aria-label=\"Read more about Flydende Have Og H\u00e5ndterlighed . Europa Try Your Luck Casino Bwin\" tabindex=\"-1\" >\n\t\t\tRead More \u00bb\t\t<\/a>\n\n\t\t\t\t<\/div>\n\t\t\t\t<div class=\"elementor-post__meta-data\">\n\t\t\t\t\t<span class=\"elementor-post-date\">\n\t\t\tMay 5, 2026\t\t<\/span>\n\t\t\t\t<span class=\"elementor-post-avatar\">\n\t\t\tNo Comments\t\t<\/span>\n\t\t\t\t<\/div>\n\t\t\t\t\t<\/div>\n\t\t<\/article>\n\t\t\t\t<article class=\"elementor-post elementor-grid-item post-3616 post type-post status-publish format-standard hentry category-uncategorized\">\n\t\t\t<div class=\"elementor-post__card\">\n\t\t\t\t<div class=\"elementor-post__text\">\n\t\t\t\t<h3 class=\"elementor-post__title\">\n\t\t\t<a href=\"https:\/\/aventraglobal.com\/?p=3616\" >\n\t\t\t\tI Giochi di Casin\u00f2 dal Vivo su Wishwin Casino per un&#8217;Esperienza Autentica\t\t\t<\/a>\n\t\t<\/h3>\n\t\t\t\t<div class=\"elementor-post__excerpt\">\n\t\t\t<p>In questo articolo esploreremo i giochi di casin\u00f2 dal vivo offerti su Wishwin Casino, analizzando come questi giochi possano fornire un&#8217;esperienza autentica e coinvolgente per<\/p>\n\t\t<\/div>\n\t\t\n\t\t<a class=\"elementor-post__read-more\" href=\"https:\/\/aventraglobal.com\/?p=3616\" aria-label=\"Read more about I Giochi di Casin\u00f2 dal Vivo su Wishwin Casino per un&#8217;Esperienza Autentica\" tabindex=\"-1\" >\n\t\t\tRead More \u00bb\t\t<\/a>\n\n\t\t\t\t<\/div>\n\t\t\t\t<div class=\"elementor-post__meta-data\">\n\t\t\t\t\t<span class=\"elementor-post-date\">\n\t\t\tMay 5, 2026\t\t<\/span>\n\t\t\t\t<span class=\"elementor-post-avatar\">\n\t\t\tNo Comments\t\t<\/span>\n\t\t\t\t<\/div>\n\t\t\t\t\t<\/div>\n\t\t<\/article>\n\t\t\t\t<article class=\"elementor-post elementor-grid-item post-3611 post type-post status-publish format-standard hentry category-uncategorized\">\n\t\t\t<div class=\"elementor-post__card\">\n\t\t\t\t<div class=\"elementor-post__text\">\n\t\t\t\t<h3 class=\"elementor-post__title\">\n\t\t\t<a href=\"https:\/\/aventraglobal.com\/?p=3611\" >\n\t\t\t\tCe Client Sus\u021binere Alternativ\u0103 Tr\u0103iesc Neangajat Num\u0103r Atomic 85 VOSLOT Cazinou _ Europa Collect Bonus Casino Millions\t\t\t<\/a>\n\t\t<\/h3>\n\t\t\t\t<div class=\"elementor-post__excerpt\">\n\t\t\t<p>Portofele Electronice, Neteller Skrill EcoPayz Pentru Post Sedimentare \u0218i Rapid Retrageri Urs\u0103 Realism Con\u021bine \u0218i \u00centreg Joac\u0103 Poveste Pentru Con\u0219tien\u021b\u0103 Profit Din USD \u0218i Cripto<\/p>\n\t\t<\/div>\n\t\t\n\t\t<a class=\"elementor-post__read-more\" href=\"https:\/\/aventraglobal.com\/?p=3611\" aria-label=\"Read more about Ce Client Sus\u021binere Alternativ\u0103 Tr\u0103iesc Neangajat Num\u0103r Atomic 85 VOSLOT Cazinou _ Europa Collect Bonus Casino Millions\" tabindex=\"-1\" >\n\t\t\tRead More \u00bb\t\t<\/a>\n\n\t\t\t\t<\/div>\n\t\t\t\t<div class=\"elementor-post__meta-data\">\n\t\t\t\t\t<span class=\"elementor-post-date\">\n\t\t\tMay 3, 2026\t\t<\/span>\n\t\t\t\t<span class=\"elementor-post-avatar\">\n\t\t\tNo Comments\t\t<\/span>\n\t\t\t\t<\/div>\n\t\t\t\t\t<\/div>\n\t\t<\/article>\n\t\t\t\t<\/div>\n\t\t\n\t\t\t\t<div class=\"e-load-more-anchor\" data-page=\"1\" data-max-page=\"40\" data-next-page=\"https:\/\/aventraglobal.com\/index.php?rest_route=%2Fwp%2Fv2%2Fpages%2F1976&#038;paged=2\"><\/div>\n\t\t\t\t<nav class=\"elementor-pagination\" aria-label=\"Pagination\">\n\t\t\t<span aria-current=\"page\" class=\"page-numbers current\"><span class=\"elementor-screen-only\">Page<\/span>1<\/span>\n<a class=\"page-numbers\" href=\"https:\/\/aventraglobal.com\/index.php\/?paged=2\"><span class=\"elementor-screen-only\">Page<\/span>2<\/a>\n<a class=\"page-numbers\" href=\"https:\/\/aventraglobal.com\/index.php\/?paged=3\"><span class=\"elementor-screen-only\">Page<\/span>3<\/a>\n<a class=\"page-numbers\" href=\"https:\/\/aventraglobal.com\/index.php\/?paged=4\"><span class=\"elementor-screen-only\">Page<\/span>4<\/a>\n<a class=\"page-numbers\" href=\"https:\/\/aventraglobal.com\/index.php\/?paged=5\"><span class=\"elementor-screen-only\">Page<\/span>5<\/a>\n<a class=\"page-numbers\" href=\"https:\/\/aventraglobal.com\/index.php\/?paged=6\"><span class=\"elementor-screen-only\">Page<\/span>6<\/a>\n<a class=\"page-numbers\" href=\"https:\/\/aventraglobal.com\/index.php\/?paged=7\"><span class=\"elementor-screen-only\">Page<\/span>7<\/a>\n<a class=\"page-numbers\" href=\"https:\/\/aventraglobal.com\/index.php\/?paged=8\"><span class=\"elementor-screen-only\">Page<\/span>8<\/a>\n<a class=\"page-numbers\" href=\"https:\/\/aventraglobal.com\/index.php\/?paged=9\"><span class=\"elementor-screen-only\">Page<\/span>9<\/a>\n<a class=\"page-numbers\" href=\"https:\/\/aventraglobal.com\/index.php\/?paged=10\"><span class=\"elementor-screen-only\">Page<\/span>10<\/a>\t\t<\/nav>\n\t\t\t\t<\/div>\n\t\t\t\t<\/div>\n\t\t\t\t\t<\/div>\n\t\t\t\t<\/div>\n\t\t\t\t<\/div>\n\t\t","protected":false},"excerpt":{"rendered":"<p>Blogs Stay updated with the latest trends, tips, and news in global trade on our blog.<\/p>\n","protected":false},"author":1,"featured_media":0,"parent":0,"menu_order":0,"comment_status":"closed","ping_status":"closed","template":"","meta":{"site-sidebar-layout":"no-sidebar","site-content-layout":"page-builder","ast-site-content-layout":"full-width-container","site-content-style":"default","site-sidebar-style":"default","ast-global-header-display":"","ast-banner-title-visibility":"","ast-main-header-display":"","ast-hfb-above-header-display":"","ast-hfb-below-header-display":"","ast-hfb-mobile-header-display":"","site-post-title":"disabled","ast-breadcrumbs-content":"","ast-featured-img":"disabled","footer-sml-layout":"","theme-transparent-header-meta":"","adv-header-id-meta":"","stick-header-meta":"","header-above-stick-meta":"","header-main-stick-meta":"","header-below-stick-meta":"","astra-migrate-meta-layouts":"set","ast-page-background-enabled":"default","ast-page-background-meta":{"desktop":{"background-color":"var(--ast-global-color-4)","background-image":"","background-repeat":"repeat","background-position":"center center","background-size":"auto","background-attachment":"scroll","background-type":"","background-media":"","overlay-type":"","overlay-color":"","overlay-opacity":"","overlay-gradient":""},"tablet":{"background-color":"","background-image":"","background-repeat":"repeat","background-position":"center center","background-size":"auto","background-attachment":"scroll","background-type":"","background-media":"","overlay-type":"","overlay-color":"","overlay-opacity":"","overlay-gradient":""},"mobile":{"background-color":"","background-image":"","background-repeat":"repeat","background-position":"center center","background-size":"auto","background-attachment":"scroll","background-type":"","background-media":"","overlay-type":"","overlay-color":"","overlay-opacity":"","overlay-gradient":""}},"ast-content-background-meta":{"desktop":{"background-color":"var(--ast-global-color-5)","background-image":"","background-repeat":"repeat","background-position":"center center","background-size":"auto","background-attachment":"scroll","background-type":"","background-media":"","overlay-type":"","overlay-color":"","overlay-opacity":"","overlay-gradient":""},"tablet":{"background-color":"var(--ast-global-color-5)","background-image":"","background-repeat":"repeat","background-position":"center center","background-size":"auto","background-attachment":"scroll","background-type":"","background-media":"","overlay-type":"","overlay-color":"","overlay-opacity":"","overlay-gradient":""},"mobile":{"background-color":"var(--ast-global-color-5)","background-image":"","background-repeat":"repeat","background-position":"center center","background-size":"auto","background-attachment":"scroll","background-type":"","background-media":"","overlay-type":"","overlay-color":"","overlay-opacity":"","overlay-gradient":""}},"footnotes":""},"class_list":["post-1976","page","type-page","status-publish","hentry"],"_links":{"self":[{"href":"https:\/\/aventraglobal.com\/index.php?rest_route=\/wp\/v2\/pages\/1976","targetHints":{"allow":["GET"]}}],"collection":[{"href":"https:\/\/aventraglobal.com\/index.php?rest_route=\/wp\/v2\/pages"}],"about":[{"href":"https:\/\/aventraglobal.com\/index.php?rest_route=\/wp\/v2\/types\/page"}],"author":[{"embeddable":true,"href":"https:\/\/aventraglobal.com\/index.php?rest_route=\/wp\/v2\/users\/1"}],"replies":[{"embeddable":true,"href":"https:\/\/aventraglobal.com\/index.php?rest_route=%2Fwp%2Fv2%2Fcomments&post=1976"}],"version-history":[{"count":19,"href":"https:\/\/aventraglobal.com\/index.php?rest_route=\/wp\/v2\/pages\/1976\/revisions"}],"predecessor-version":[{"id":2433,"href":"https:\/\/aventraglobal.com\/index.php?rest_route=\/wp\/v2\/pages\/1976\/revisions\/2433"}],"wp:attachment":[{"href":"https:\/\/aventraglobal.com\/index.php?rest_route=%2Fwp%2Fv2%2Fmedia&parent=1976"}],"curies":[{"name":"wp","href":"https:\/\/api.w.org\/{rel}","templated":true}]}}